{"id":17,"date":"2024-02-11T12:04:33","date_gmt":"2024-02-11T11:04:33","guid":{"rendered":"https:\/\/www.buchau.be\/Californie2024\/?page_id=17"},"modified":"2024-08-04T11:24:12","modified_gmt":"2024-08-04T09:24:12","slug":"backstage","status":"publish","type":"page","link":"https:\/\/www.buchau.be\/Californie2024\/backstage\/","title":{"rendered":"Backstage Mars"},"content":{"rendered":"<p><strong>Vols:<\/strong><\/p>\n<p>A l&rsquo;issue de notre s\u00e9jour pr\u00e9c\u00e9dent, il nous restait suffisamment de miles pour envisager les trajets aller et retour vers\/depuis les <em>USA<\/em>. Ces trajets en avion ne nous ont donc, une fois encore et gr\u00e2ce au programme de fid\u00e9lit\u00e9 d&rsquo;<em>AirFrance<\/em> &#8211;<em>Flying Blue<\/em>-, pas co\u00fbt\u00e9 un bras. Alors que ces derniers temps, un vol vers les destinations choisies co\u00fbtent plut\u00f4t pr\u00e8s de 1250\u20ac\/pers en \u00e9co, ici, on s&rsquo;en est sorti avec 20000 miles &amp; 198\u20ac\/pers pour l&rsquo;aller vers <em>SFO<\/em> et 15000miles et 104\u20ac\/pers pour le retour depuis <em>LAX<\/em>. Depuis peu, il est possible d&rsquo;avoir le wifi (correct) en vol en tant qu&rsquo;option payante; on l&rsquo;a pris pour 18\u20ac\/pers\/trajet.<\/p>\n<p><img loading=\"lazy\" decoding=\"async\" class=\"aligncenter size-full wp-image-19\" src=\"https:\/\/www.buchau.be\/Californie2024\/wp-content\/uploads\/2024\/02\/AF777-300.jpg\" alt=\"\" width=\"499\" height=\"333\" srcset=\"https:\/\/www.buchau.be\/Californie2024\/wp-content\/uploads\/2024\/02\/AF777-300.jpg 499w, https:\/\/www.buchau.be\/Californie2024\/wp-content\/uploads\/2024\/02\/AF777-300-300x200.jpg 300w\" sizes=\"auto, (max-width: 499px) 100vw, 499px\" \/><\/p>\n<p><strong>Auto:<\/strong><\/p>\n<p>Comme d&rsquo;habitude, nous choisissons <em>Avis<\/em> pour notre location de voiture. Initialement, au moment de la premi\u00e8re r\u00e9servation, les 14 jours de location co\u00fbtaient pr\u00e8s de 800\u20ac. Environ un mois avant le d\u00e9part, ce montant \u00e9tait pass\u00e9 en-dessous des 500\u20ac pour le v\u00e9hicule moyen choisi (type <em>Toyota Camry<\/em>). J&rsquo;en ai profit\u00e9 pour choisir un peu plus de confort (et de place pour nos grandes valises) et choisir un plus grand v\u00e9hicule (type <em>VW Passat<\/em>) pour un montant avoisinant les 520\u20ac (soit 38\u20ac\/jour, environ). On a fini par recevoir une <em>Chrysler 300S,<\/em> p\u00eachue mais gourmande:<\/p>\n<p>&nbsp;<\/p>\n<p><img loading=\"lazy\" decoding=\"async\" class=\"aligncenter wp-image-71 size-medium\" src=\"https:\/\/www.buchau.be\/Californie2024\/wp-content\/uploads\/2024\/02\/lxcl48_pau5590507673282783951-300x140.png\" alt=\"\" width=\"300\" height=\"140\" srcset=\"https:\/\/www.buchau.be\/Californie2024\/wp-content\/uploads\/2024\/02\/lxcl48_pau5590507673282783951-300x140.png 300w, https:\/\/www.buchau.be\/Californie2024\/wp-content\/uploads\/2024\/02\/lxcl48_pau5590507673282783951-520x243.png 520w, https:\/\/www.buchau.be\/Californie2024\/wp-content\/uploads\/2024\/02\/lxcl48_pau5590507673282783951.png 750w\" sizes=\"auto, (max-width: 300px) 100vw, 300px\" \/><\/p>\n<p>A cela, il faudra ajouter les prix des diff\u00e9rents parkings (d&rsquo;h\u00f4tels et proches des attractions).<\/p>\n<p><strong>H\u00f4tels:<\/strong><\/p>\n<p>&#8211; <em><strong>San Francisco<\/strong><\/em>, <a href=\"https:\/\/www.icsanfrancisco.com\/\" target=\"_blank\" rel=\"noopener\"><em>Intercontinental San Francisco<\/em><\/a>, King premium with view (upgrade en <em>King junior suite corner view<\/em>), 32000 points IHG\/nuit (env. 160\u20ac\/nuit) **<br \/>\n&#8211; <strong><em>Santa Cruz<\/em><\/strong>, <a href=\"https:\/\/www.hilton.com\/en\/hotels\/sruhhhx-hampton-santa-cruz\/\" target=\"_blank\" rel=\"noopener\"><em>Hampton Inn by Hilton Santa Cruz<\/em><\/a>, Mini Suite, $150\/nuit *<br \/>\n&#8211; <strong><em>Arroyo Grande\/Pismo beach<\/em><\/strong>, <em><a href=\"https:\/\/www.hilton.com\/fr\/hotels\/sloaghx-hampton-suites-arroyo-grande-pismo-beach-area\/\" target=\"_blank\" rel=\"noopener\">Hampton Inn by Hilton Arroyo Grande\/Pismo beach<\/a><\/em>, King studio, $126\/nuit<br \/>\n&#8211; <em><strong>Palm Springs\/Banning<\/strong><\/em>, <em><a href=\"https:\/\/www.ihg.com\/holidayinnexpress\/hotels\/fr\/fr\/banning\/banex\/hoteldetail\" target=\"_blank\" rel=\"noopener\">Holiday Inn Express &amp; Suites Banning<\/a><\/em>, King Studio, 32000 points IHG\/nuit (env. 160\u20ac\/nuit)<br \/>\n&#8211; <strong><em>Oceanside<\/em><\/strong>, <a href=\"https:\/\/www.ihg.com\/holidayinn\/hotels\/us\/en\/oceanside\/ocnpc\/hoteldetail\" target=\"_blank\" rel=\"noopener\"><em>Holiday Inn Oceanside\/Camp Pendelton<\/em><\/a>, King room, 23000 points IHG\/nuit (env. 115\u20ac\/nuit)*<br \/>\n&#8211; <em><strong>Los Angeles\/Calabasas<\/strong><\/em>, <a href=\"https:\/\/www.hilton.com\/en\/hotels\/burcagi-hilton-garden-inn-calabasas\/\" target=\"_blank\" rel=\"noopener\"><em>Hilton Garden Inn Calabasas<\/em><\/a>, King room, $165\/nuit<\/p>\n<p>[*] probablement avec un surclassement<br \/>\n[**] probablement avec un surclassement et le petit d\u00e9jeuner inclus<\/p>\n<p><strong>Divers:<\/strong><\/p>\n<p>On a encore nos guides <em>Lonely Planet<\/em>. On a aussi nos cartes SIM 24GB de <em>Three.co.uk<\/em> . Les adaptateurs de prises \u00e9lectriques sont toujours pr\u00eats. On a chang\u00e9 des EUR en USD, en petites coupures; essentiellement pour les <em>tips<\/em> et les tous petits achats en cash. On a notre p\u00e8se-bagages de poche. Les passeports ont \u00e9t\u00e9 v\u00e9rifi\u00e9s. On a nos cartes de transports en commun pour <em>LA<\/em>; \u00e0 <em>SF<\/em>, on peut utiliser une app sur notre t\u00e9l\u00e9phone. Les points d&rsquo;int\u00e9r\u00eats ont \u00e9t\u00e9 ajout\u00e9s sur nos cartes <em>Gogole My Maps<\/em>.<\/p>\n<p>&#8211; Parking San Francisco 3 x 24h: $132 ($44\/jour)<br \/>\n&#8211; <em>Contemporary Jewish Museum<\/em> : $16\/pers<br \/>\n&#8211; Pass 1 day <em>MUNI<\/em> (SF) : $5\/pers\/jour<br \/>\n&#8211; <em>SFMoMA<\/em>, expo sp\u00e9ciale <em>Yayoi kusama<\/em> : $40\/pers<br \/>\n&#8211; Un (bon) repas (plut\u00f4t sain) pour 2, au resto: de $75 \u00e0 $120 \/ chez <em>Whole Foods<\/em> : de $25 \u00e0 $40<br \/>\n&#8211; <em>Hearst castle<\/em> : $30\/pers pour le <em>Grand Rooms Tour<\/em><br \/>\n&#8211; <em>PSMoMA<\/em> : $8\/pers sur pr\u00e9sentation de la <em>Carte Prof<\/em><br \/>\n&#8211; Un gallon (3,79l) d&rsquo;essence : environ $4,90 (soit env. $1,29\/l ou 1,22\u20ac\/l)<br \/>\n&#8211; <em>Geffen@MoCA<\/em> : $10, gr\u00e2ce \u00e0 la <em>carte Prof ; <\/em>parking voisin du <em>MoCA (Little tokyo)<\/em> : $16\/2h<br \/>\n&#8211; <em>MoCA<\/em> &amp; <em>Broad<\/em> : $0 mais penser \u00e0 r\u00e9server un cr\u00e9neau et l&rsquo;<em>Infinite room<\/em> de <em>Yayoi<br \/>\n&#8211; <\/em>Un <em>gros d\u00e9jeuner<\/em> au <em>Pain Quot&rsquo;<\/em> : entre $65 et $80<\/p>\n","protected":false},"excerpt":{"rendered":"<p>Vols: A l&rsquo;issue de notre s\u00e9jour pr\u00e9c\u00e9dent, il nous restait suffisamment de miles pour envisager les trajets aller et retour vers\/depuis les USA. Ces trajets en avion ne nous ont donc, une fois encore et gr\u00e2ce au programme de fid\u00e9lit\u00e9 d&rsquo;AirFrance &#8211;Flying Blue-, pas co\u00fbt\u00e9 un bras. Alors que ces derniers temps, un vol vers [&hellip;]<\/p>\n","protected":false},"author":1,"featured_media":0,"parent":0,"menu_order":0,"comment_status":"closed","ping_status":"closed","template":"","meta":{"footnotes":""},"class_list":["post-17","page","type-page","status-publish","hentry","missing-thumbnail"],"_links":{"self":[{"href":"https:\/\/www.buchau.be\/Californie2024\/wp-json\/wp\/v2\/pages\/17","targetHints":{"allow":["GET"]}}],"collection":[{"href":"https:\/\/www.buchau.be\/Californie2024\/wp-json\/wp\/v2\/pages"}],"about":[{"href":"https:\/\/www.buchau.be\/Californie2024\/wp-json\/wp\/v2\/types\/page"}],"author":[{"embeddable":true,"href":"https:\/\/www.buchau.be\/Californie2024\/wp-json\/wp\/v2\/users\/1"}],"replies":[{"embeddable":true,"href":"https:\/\/www.buchau.be\/Californie2024\/wp-json\/wp\/v2\/comments?post=17"}],"version-history":[{"count":18,"href":"https:\/\/www.buchau.be\/Californie2024\/wp-json\/wp\/v2\/pages\/17\/revisions"}],"predecessor-version":[{"id":481,"href":"https:\/\/www.buchau.be\/Californie2024\/wp-json\/wp\/v2\/pages\/17\/revisions\/481"}],"wp:attachment":[{"href":"https:\/\/www.buchau.be\/Californie2024\/wp-json\/wp\/v2\/media?parent=17"}],"curies":[{"name":"wp","href":"https:\/\/api.w.org\/{rel}","templated":true}]}}