{"id":482,"date":"2024-08-04T11:56:29","date_gmt":"2024-08-04T09:56:29","guid":{"rendered":"https:\/\/www.buchau.be\/Californie2024\/?page_id=482"},"modified":"2024-11-02T15:38:47","modified_gmt":"2024-11-02T14:38:47","slug":"backstage-octobre","status":"publish","type":"page","link":"https:\/\/www.buchau.be\/Californie2024\/backstage-octobre\/","title":{"rendered":"Backstage Octobre"},"content":{"rendered":"<p><strong>Vols:<\/strong><br \/>\nPour ce deuxi\u00e8me s\u00e9jour en cet an de gr\u00e2ce 2024, c&rsquo;est \u00e0 nouveau avec <em>Air France<\/em> que nous nous envolons, puisque ce sont quasiment eux qui nous ont offert le vol (on a re\u00e7u un cr\u00e9dit de 800\u20ac\/pers \u00e0 suite \u00e0 l&rsquo;annulation de notre dernier vol de retour). On fait donc ZYR&gt;CDG&gt;LAX en <em>economy\u00a0<\/em>(<em>si\u00e8ges duo<\/em>, quand m\u00eame) \/ EWR(NYC)&gt;CDG&gt;ZYR en <em>premium economy<\/em> pour un peu moins de 370\u20ac\/pers.<\/p>\n<p><a href=\"https:\/\/www.buchau.be\/Californie2024\/wp-content\/uploads\/2024\/02\/AF777-300.jpg\"><img loading=\"lazy\" decoding=\"async\" class=\"aligncenter size-medium wp-image-19\" src=\"https:\/\/www.buchau.be\/Californie2024\/wp-content\/uploads\/2024\/02\/AF777-300-300x200.jpg\" alt=\"\" width=\"300\" height=\"200\" srcset=\"https:\/\/www.buchau.be\/Californie2024\/wp-content\/uploads\/2024\/02\/AF777-300-300x200.jpg 300w, https:\/\/www.buchau.be\/Californie2024\/wp-content\/uploads\/2024\/02\/AF777-300.jpg 499w\" sizes=\"auto, (max-width: 300px) 100vw, 300px\" \/><\/a><\/p>\n<p>On a un petit vol int\u00e9rieur pr\u00e9vu juste \u00e0 notre arriv\u00e9e \u00e0 LAX, pour rejoindre SMF (<em>Sacramento<\/em>), avec <em>Southwest<\/em>: $130\/pers (env.120\u20ac)<\/p>\n<p>Et enfin, un dernier vol int\u00e9rieur entre LAX et JFK, avec <em>Delta Airlines<\/em>, pour rejoindre notre derni\u00e8re \u00e9tape: 20500 miles\/pers<\/p>\n<p><strong>Auto:<\/strong><br \/>\nC&rsquo;est encore <em>Avis<\/em> qui nous transportera. Nous avons r\u00e9serv\u00e9 une voiture pour 11 jours, depuis <em>Sacramento<\/em> jusqu&rsquo;\u00e0 <em>Los Angeles<\/em>, pour la somme de 320\u20ac (soit environ 32\u20ac\/jour).<\/p>\n<p><a href=\"https:\/\/www.buchau.be\/Californie2024\/wp-content\/uploads\/2024\/08\/Auto2.png\"><img loading=\"lazy\" decoding=\"async\" class=\"aligncenter size-full wp-image-483\" src=\"https:\/\/www.buchau.be\/Californie2024\/wp-content\/uploads\/2024\/08\/Auto2.png\" alt=\"\" width=\"255\" height=\"120\" \/><\/a><\/p>\n<p><strong>Hotels:<\/strong><br \/>\n&#8211; <a href=\"https:\/\/www.ihg.com\/holidayinnexpress\/hotels\/us\/en\/lodi\/lodes\/hoteldetail\" target=\"_blank\" rel=\"noopener\"><em>Holiday inn Express Lodi<\/em><\/a>: 24500 points\/nuit<br \/>\n&#8211; <a href=\"https:\/\/www.ihg.com\/holidayinnexpress\/hotels\/fr\/fr\/grover-beach\/gvbca\/hoteldetail\" target=\"_blank\" rel=\"noopener\"><em>Holiday Inn Express Grover beach\/Pismo beach<\/em><\/a>: $155\/nuit<br \/>\n&#8211; <a href=\"https:\/\/www.avaniainnsantabarbara.com\/\" target=\"_blank\" rel=\"noopener\"><em>Avania Inn Santa Barbara<\/em><\/a> (via booking.com): 200\u20ac\/nuit<br \/>\n&#8211; <a href=\"https:\/\/www.hilton.com\/en\/hotels\/burcagi-hilton-garden-inn-calabasas\/\" target=\"_blank\" rel=\"noopener\"><em>Hilton Garden Inn Calabasas<\/em><\/a>: $188\/nuit<br \/>\n&#8211; <a href=\"https:\/\/www.icbarclay.com\/\" target=\"_blank\" rel=\"noopener\"><em>Intercontinental New York Barclay<\/em><\/a>: 86000 points\/nuit<\/p>\n<p><strong>Divers:<br \/>\n<\/strong>&#8211; Nos <em>ESTA<\/em> sont encore valables<br \/>\n&#8211; un repas pour 2 au resto: env. $80<br \/>\n&#8211; 1 gallon d&rsquo;essence : $4,69 \u00e0 $5,89<strong><br \/>\n<\/strong>&#8211; 1 plat pr\u00e9par\u00e9 au supermarch\u00e9 : moins de $10<br \/>\n&#8211; 1h de location de v\u00e9lo: $12 \u00e0 <em>Pismo Beach ; <\/em>2h \u00e0 <em>Santa Monica <\/em>pour $20<br \/>\n&#8211; 1 bi\u00e8re: entre $2,50 (au supermarch\u00e9) et $12 (au resto); $8 en moyenne<br \/>\n&#8211; une entr\u00e9e au <em>LACMA<\/em>: $28<br \/>\n&#8211; une entr\u00e9e au <em>MoMA<\/em>: $30 ; MoMA PS1: $10<br \/>\n&#8211; une entr\u00e9e au <em>MoCA<\/em> et\/ou au <em>Broad<\/em>: $0 (mais parking payant: $17), au <em>MoCA @ Geffen<\/em> : $18<br \/>\n&#8211; un trajet entre JFK et Manhattan en trains $20\/pers (<em>AirTrain<\/em> $8,50 + <em>LIRR<\/em> $11,50)<br \/>\n&#8211; un trajet de m\u00e9tro: $2,90<br \/>\n&#8211; <em>Newark Airport Express<\/em>: $25<br \/>\n&#8211; <em>Liberty Cruise<\/em> (75 min): $39<\/p>\n","protected":false},"excerpt":{"rendered":"<p>Vols: Pour ce deuxi\u00e8me s\u00e9jour en cet an de gr\u00e2ce 2024, c&rsquo;est \u00e0 nouveau avec Air France que nous nous envolons, puisque ce sont quasiment eux qui nous ont offert le vol (on a re\u00e7u un cr\u00e9dit de 800\u20ac\/pers \u00e0 suite \u00e0 l&rsquo;annulation de notre dernier vol de retour). On fait donc ZYR&gt;CDG&gt;LAX en economy\u00a0(si\u00e8ges [&hellip;]<\/p>\n","protected":false},"author":1,"featured_media":0,"parent":0,"menu_order":0,"comment_status":"closed","ping_status":"closed","template":"","meta":{"footnotes":""},"class_list":["post-482","page","type-page","status-publish","hentry","missing-thumbnail"],"_links":{"self":[{"href":"https:\/\/www.buchau.be\/Californie2024\/wp-json\/wp\/v2\/pages\/482","targetHints":{"allow":["GET"]}}],"collection":[{"href":"https:\/\/www.buchau.be\/Californie2024\/wp-json\/wp\/v2\/pages"}],"about":[{"href":"https:\/\/www.buchau.be\/Californie2024\/wp-json\/wp\/v2\/types\/page"}],"author":[{"embeddable":true,"href":"https:\/\/www.buchau.be\/Californie2024\/wp-json\/wp\/v2\/users\/1"}],"replies":[{"embeddable":true,"href":"https:\/\/www.buchau.be\/Californie2024\/wp-json\/wp\/v2\/comments?post=482"}],"version-history":[{"count":14,"href":"https:\/\/www.buchau.be\/Californie2024\/wp-json\/wp\/v2\/pages\/482\/revisions"}],"predecessor-version":[{"id":1017,"href":"https:\/\/www.buchau.be\/Californie2024\/wp-json\/wp\/v2\/pages\/482\/revisions\/1017"}],"wp:attachment":[{"href":"https:\/\/www.buchau.be\/Californie2024\/wp-json\/wp\/v2\/media?parent=482"}],"curies":[{"name":"wp","href":"https:\/\/api.w.org\/{rel}","templated":true}]}}