{"id":14,"date":"2015-08-21T15:12:22","date_gmt":"2015-08-21T14:12:22","guid":{"rendered":"http:\/\/www.buchau.be\/KentSussex2016\/?page_id=14"},"modified":"2017-10-16T10:51:27","modified_gmt":"2017-10-16T09:51:27","slug":"backstage","status":"publish","type":"page","link":"https:\/\/www.buchau.be\/KentSussex2016\/backstage\/","title":{"rendered":"Backstage"},"content":{"rendered":"<p>Ici, comme d&rsquo;habitude, vous trouverez les d\u00e9tails pratico-pratiques de l&rsquo;organisation de cette escapade dans le <em>Kent<\/em> et le <em>Sussex<\/em>:<\/p>\n<p><span style=\"text-decoration: underline;\"><strong>Transport<\/strong><\/span>:<br \/>\n&#8211; V\u00e9hicule personnel<br \/>\n&#8211; <a href=\"http:\/\/www.eurotunnel.com\/fr\/billets\/\" target=\"_blank\" rel=\"noopener noreferrer\"><em>Shuttle Eurotunnel<\/em><\/a>: 170\u20ac &amp; 160\u20ac A\/R en 2017, 145\u20ac A\/R en 2016<\/p>\n<p><strong>H\u00f4tel automne 2017<\/strong>:<br \/>\n&#8211; <em><a href=\"http:\/\/www3.hilton.com\/en\/hotels\/united-kingdom\/hilton-maidstone-GATMAHN\/index.html\" target=\"_blank\" rel=\"noopener noreferrer\">Hilton Maidstone<\/a><\/em>, Queen guest room*, 87GBP\/97\u20ac<br \/>\n&#8211; <em><a href=\"http:\/\/www3.hilton.com\/en\/hotels\/united-kingdom\/hilton-at-the-ageas-bowl-southampton-SOUAGHI\/index.html\">Hilton at the Ageas bowl, Southampton<\/a><\/em>, Queen guest room*, 78GBP\/87\u20ac<br \/>\n&#8211; <a href=\"http:\/\/doubletree3.hilton.com\/en\/hotels\/united-kingdom\/doubletree-by-hilton-hotel-london-docklands-riverside-LONNDDI\/index.html\"><em>DoubleTree by Hilton Docklands Riverside<\/em><\/a>, King Guest room*, 122GBP\/136\u20ac<\/p>\n<p><span style=\"text-decoration: underline;\"><strong>H\u00f4tel mai 2017<\/strong><\/span>:<br \/>\n&#8211; <em><a href=\"http:\/\/www3.hilton.com\/en\/hotels\/united-kingdom\/hilton-maidstone-GATMAHN\/index.html\" target=\"_blank\" rel=\"noopener noreferrer\">Hilton Maidstone<\/a><\/em>, Double Hilton guest room*, 69GBP\/82\u20ac<\/p>\n<p><span style=\"text-decoration: underline;\"><strong>H\u00f4tels 2016<\/strong><\/span>:<br \/>\n&#8211; <a href=\"http:\/\/www.mercure.com\/fr\/hotel-A159-hotel-mercure-oostende\/index.shtml\"><em>Mercure Oostende<\/em><\/a>, Double, 82\u20ac (pt d\u00e9j et Internet inclus)<br \/>\n&#8211; <em><a href=\"http:\/\/www3.hilton.com\/en\/hotels\/united-kingdom\/hilton-maidstone-GATMAHN\/index.html\" target=\"_blank\" rel=\"noopener noreferrer\">Hilton Maidstone<\/a><\/em>, Double Hilton guest room*, 80GBP\/103\u20ac<br \/>\n&#8211; <a href=\"http:\/\/www3.hilton.com\/en\/hotels\/united-kingdom\/hilton-avisford-park-arundel-BSHAPHN\/index.html\" target=\"_blank\" rel=\"noopener noreferrer\"><em>Hilton Avisford Park, Arundel<\/em><\/a>, Double Hilton guest room*, 69GBP\/89\u20ac<br \/>\n&#8211; <em><a href=\"http:\/\/www3.hilton.com\/en\/hotels\/united-kingdom\/hilton-maidstone-GATMAHN\/index.html\" target=\"_blank\" rel=\"noopener noreferrer\">Hilton Maidstone<\/a><\/em>, Double Hilton guest room*, 55GBP\/71\u20ac<br \/>\n&#8211; <em><a href=\"http:\/\/www3.hilton.com\/en\/hotels\/united-kingdom\/hilton-dartford-bridge-hotel-GATDBHN\/index.html\" target=\"_blank\" rel=\"noopener noreferrer\">Hilton Dartford Bridge Hotel<\/a><\/em>, King Hilton guest room*, 69GBP\/89\u20ac<\/p>\n<p>* en g\u00e9n\u00e9ral avec un surclassement, le petit d\u00e9j et Internet inclus, gr\u00e2ce \u00e0 <a href=\"http:\/\/hhonors3.hilton.com\/en\/index.html\" target=\"_blank\" rel=\"noopener noreferrer\"><em>HHonors<\/em><\/a><\/p>\n<p><span style=\"text-decoration: underline;\"><strong>Guides<\/strong><\/span>:<br \/>\n&#8211; Guides papier (re\u00e7us de Papou &amp; Mamou): GR <a href=\"http:\/\/www.routard.com\/guide\/code_dest\/angleterre.htm\" target=\"_blank\" rel=\"noopener noreferrer\"><em>Angleterre, Pays de Galles<\/em><\/a> &amp; <a href=\"http:\/\/voyage.michelin.fr\/web\/destination\/Grande_Bretagne-Angleterre_Pays_de_Galles\" target=\"_blank\" rel=\"noopener noreferrer\"><em>Michelin Angleterre, Pays de Galles<br \/>\n<\/em><\/a>&#8211; <a href=\"http:\/\/www.visitkent.co.uk\">www.visitkent.co.uk<\/a><\/p>\n<p><span style=\"text-decoration: underline;\"><strong>D\u00e9penses 2017<\/strong><\/span>: [au moment de l&rsquo;escapade mai 2017, 1\u20ac=\u00a30,84 \/ \u00a31=1,18\u20ac] [au moment de l&rsquo;escapade automne 2017, 1\u20ac=\u00a30,88 \/ \u00a31=1,13\u20ac]<\/p>\n<p><span style=\"text-decoration: underline;\"><strong>D\u00e9penses 2016<\/strong><\/span>: [au moment de l&rsquo;escapade 2016, 1\u20ac=\u00a30,78 \/ \u00a31=1,28\u20ac]<br \/>\n&#8211; 1l de diesel \u00a31,10 soit 1,42\u20ac (quand m\u00eame!)<br \/>\n&#8211; repas pour 2: entre \u00a320 et \u00a360<br \/>\n&#8211; entr\u00e9e pour les jardins du ch\u00e2teau d&rsquo;<em>Arundel<\/em>: \u00a39<br \/>\n&#8211; entr\u00e9e \u00e0 la <em>Pallant House Gallery<\/em>: \u00a39<br \/>\n&#8211; une bi\u00e8re (pinte): \u00a31,19 chez <em>Tesco<\/em> et env. \u00a33,50 au pub<br \/>\n&#8211; parcm\u00e8tre: env. \u00a31 pour une heure, en moyenne; parking couvert: plus cher (\u00a313 pour 3h30, \u00e0 <em>Brighton<\/em>, par ex.)<\/p>\n<p>&nbsp;<\/p>\n","protected":false},"excerpt":{"rendered":"<p>Ici, comme d&rsquo;habitude, vous trouverez les d\u00e9tails pratico-pratiques de l&rsquo;organisation de cette escapade dans le Kent et le Sussex: Transport: &#8211; V\u00e9hicule personnel &#8211; Shuttle Eurotunnel: 170\u20ac &amp; 160\u20ac A\/R en 2017, 145\u20ac A\/R en 2016 H\u00f4tel automne 2017: &#8211; Hilton Maidstone, Queen guest room*, 87GBP\/97\u20ac &#8211; Hilton at the Ageas bowl, Southampton, Queen guest &hellip; <a href=\"https:\/\/www.buchau.be\/KentSussex2016\/backstage\/\" class=\"more-link\">Continuer la lecture de <span class=\"screen-reader-text\">Backstage<\/span><\/a><\/p>\n","protected":false},"author":1,"featured_media":0,"parent":0,"menu_order":0,"comment_status":"closed","ping_status":"closed","template":"","meta":{"footnotes":""},"class_list":["post-14","page","type-page","status-publish","hentry"],"_links":{"self":[{"href":"https:\/\/www.buchau.be\/KentSussex2016\/wp-json\/wp\/v2\/pages\/14","targetHints":{"allow":["GET"]}}],"collection":[{"href":"https:\/\/www.buchau.be\/KentSussex2016\/wp-json\/wp\/v2\/pages"}],"about":[{"href":"https:\/\/www.buchau.be\/KentSussex2016\/wp-json\/wp\/v2\/types\/page"}],"author":[{"embeddable":true,"href":"https:\/\/www.buchau.be\/KentSussex2016\/wp-json\/wp\/v2\/users\/1"}],"replies":[{"embeddable":true,"href":"https:\/\/www.buchau.be\/KentSussex2016\/wp-json\/wp\/v2\/comments?post=14"}],"version-history":[{"count":10,"href":"https:\/\/www.buchau.be\/KentSussex2016\/wp-json\/wp\/v2\/pages\/14\/revisions"}],"predecessor-version":[{"id":208,"href":"https:\/\/www.buchau.be\/KentSussex2016\/wp-json\/wp\/v2\/pages\/14\/revisions\/208"}],"wp:attachment":[{"href":"https:\/\/www.buchau.be\/KentSussex2016\/wp-json\/wp\/v2\/media?parent=14"}],"curies":[{"name":"wp","href":"https:\/\/api.w.org\/{rel}","templated":true}]}}