{"id":11,"date":"2016-08-02T12:41:42","date_gmt":"2016-08-02T10:41:42","guid":{"rendered":"http:\/\/www.buchau.be\/houston2016\/?page_id=11"},"modified":"2016-11-01T05:17:47","modified_gmt":"2016-11-01T04:17:47","slug":"backstage","status":"publish","type":"page","link":"https:\/\/www.buchau.be\/houston2016\/backstage\/","title":{"rendered":"Backstage"},"content":{"rendered":"<p>Ici, comme d&rsquo;habitude, les informations pratico-pratiques concernant l&rsquo;organisation:<\/p>\n<p><span style=\"text-decoration: underline;\">Vols internationaux<\/span>: ZYR&gt;CDG&gt;LAX \/ IAH&gt;CDG&gt;ZYR avec <a href=\"http:\/\/airfrance.be\"><em>Air France<\/em><\/a> (qui l&rsquo;e\u00fbt cru?): 515\u20ac\/pers + 54\u20ac pour les <em>places duo<\/em> sur les deux vols; d\u00e9j\u00e0 un prix assez int\u00e9ressant (le prix \u00ab\u00a0habituel\u00a0\u00bb tourne autour de 1100\u20ac)&#8230; le lendemain, \u00e9videmment, le prix chutait encore <span style=\"text-decoration: underline;\">pendant quelques heures<\/span> \u00e0 423\u20ac!!! Mais pourquoi est-ce que je continue \u00e0 regarder les prix une fois que j&rsquo;ai achet\u00e9? \ud83d\ude00<\/p>\n<p><span style=\"text-decoration: underline;\">Vol int\u00e9rieur<\/span>: LAX&gt;HOU avec <a href=\"https:\/\/www.southwest.com\/\"><em>Southwest<\/em><\/a>: 35\u20ac\/pers, bagages inclus. Il nous restait des points de nos voyages pr\u00e9c\u00e9dents. Je n&rsquo;ai du acheter qu&rsquo;un compl\u00e9ment de points pour pouvoir \u00ab\u00a0payer\u00a0\u00bb le vol int\u00e9rieur.<\/p>\n<p><span style=\"text-decoration: underline;\">H\u00f4tels<\/span>:<br \/>\n&#8211; <em><a href=\"http:\/\/doubletree3.hilton.com\/en\/hotels\/california\/doubletree-by-hilton-hotel-los-angeles-westside-LAXCCDT\/index.html\">DoubleTree Los Angeles Westside<\/a><\/em>, King Culver room, $181\/nuit (162\u20ac), via <em><a href=\"http:\/\/www.hilton.com\">Hilton<\/a><\/em>, avec le petit d\u00e9jeuner inclus (et peut-\u00eatre un surclassement?)<br \/>\n&#8211; <em><a href=\"http:\/\/www3.hilton.com\/en\/hotels\/texas\/hilton-houston-galleria-area-HOUSWHF\/index.html\">Hilton Houston Galleria Area<\/a><\/em>, King Executive room avec le petit d\u00e9jeuner inclus, 162\u20ac\/nuit, via <em><a href=\"http:\/\/www.pointshound.com\">Pointshound<\/a><\/em>, permet le gain de 12800miles <a href=\"http:\/\/www.flyingblue.com\"><em>Flyingblue<\/em><\/a><\/p>\n<p>Locations de voiture:<br \/>\n&#8211; <a href=\"http:\/\/avis.be\"><em>Avis<\/em><\/a> LA: 156\u20ac pour 4 jours (soit 39\u20ac\/jour)*<br \/>\n&#8211; <a href=\"http:\/\/avis.be\"><em>Avis<\/em><\/a> Houston: 126\u20ac pour 3 jours (soit 42\u20ac\/jour)*<br \/>\n* normalement, avec un upgrade, 2\u00e8 conducteur et 0\u20ac de franchise inclus<\/p>\n<p><span style=\"text-decoration: underline;\">Autres<\/span>:<br \/>\n&#8211; On a d\u00e9j\u00e0 les guides papier et la carte US pour le GPS \ud83d\ude09<br \/>\n&#8211; L&rsquo;entr\u00e9e aux <em>MOCA<\/em>&lsquo;s: $12 pour les 3 (parking au <em>Geffen<\/em>: $7)<br \/>\n&#8211; L&rsquo;entr\u00e9e au <em>LACMA<\/em>: $15 (parking en rue, non payant le dimanche)<br \/>\n&#8211; L&rsquo;entr\u00e9e au <em>Broad Museum<\/em>: $0 (parking $12)<br \/>\n&#8211; L&rsquo;entr\u00e9e \u00e0 la <em>Getty villa<\/em>: $0 (parking $15)<br \/>\n&#8211; Un repas \u00e0 LA: entre $10 (au centre commercial) et $30\/pers (au <em>Reel Inn<\/em> de <em>Malibu<\/em>)<br \/>\n&#8211; Un jeans (noir): $60 (et le second \u00e0 moiti\u00e9 prix, chez <em>JC Penney<\/em>)<br \/>\n&#8211; Le parking (<em>flat rate<\/em>, ne d\u00e9pend pas de la dur\u00e9e): entre $7 et $12, selon l&rsquo;endroit. Attention, c&rsquo;est le double en \u00e9t\u00e9!<\/p>\n","protected":false},"excerpt":{"rendered":"<p>Ici, comme d&rsquo;habitude, les informations pratico-pratiques concernant l&rsquo;organisation: Vols internationaux: ZYR&gt;CDG&gt;LAX \/ IAH&gt;CDG&gt;ZYR avec Air France (qui l&rsquo;e\u00fbt cru?): 515\u20ac\/pers + 54\u20ac pour les places duo sur les deux vols; d\u00e9j\u00e0 un prix assez int\u00e9ressant (le prix \u00ab\u00a0habituel\u00a0\u00bb tourne autour de 1100\u20ac)&#8230; le lendemain, \u00e9videmment, le prix chutait encore pendant quelques heures \u00e0 423\u20ac!!! Mais [&hellip;]<\/p>\n","protected":false},"author":1,"featured_media":0,"parent":0,"menu_order":0,"comment_status":"closed","ping_status":"closed","template":"","meta":{"footnotes":""},"class_list":["post-11","page","type-page","status-publish","hentry","missing-thumbnail"],"_links":{"self":[{"href":"https:\/\/www.buchau.be\/houston2016\/wp-json\/wp\/v2\/pages\/11","targetHints":{"allow":["GET"]}}],"collection":[{"href":"https:\/\/www.buchau.be\/houston2016\/wp-json\/wp\/v2\/pages"}],"about":[{"href":"https:\/\/www.buchau.be\/houston2016\/wp-json\/wp\/v2\/types\/page"}],"author":[{"embeddable":true,"href":"https:\/\/www.buchau.be\/houston2016\/wp-json\/wp\/v2\/users\/1"}],"replies":[{"embeddable":true,"href":"https:\/\/www.buchau.be\/houston2016\/wp-json\/wp\/v2\/comments?post=11"}],"version-history":[{"count":11,"href":"https:\/\/www.buchau.be\/houston2016\/wp-json\/wp\/v2\/pages\/11\/revisions"}],"predecessor-version":[{"id":131,"href":"https:\/\/www.buchau.be\/houston2016\/wp-json\/wp\/v2\/pages\/11\/revisions\/131"}],"wp:attachment":[{"href":"https:\/\/www.buchau.be\/houston2016\/wp-json\/wp\/v2\/media?parent=11"}],"curies":[{"name":"wp","href":"https:\/\/api.w.org\/{rel}","templated":true}]}}