{"id":94,"date":"2016-08-12T10:38:13","date_gmt":"2016-08-12T08:38:13","guid":{"rendered":"http:\/\/www.buchau.be\/recettes\/?page_id=94"},"modified":"2016-08-12T11:11:15","modified_gmt":"2016-08-12T09:11:15","slug":"bienvenue","status":"publish","type":"page","link":"https:\/\/www.buchau.be\/recettes\/","title":{"rendered":"Bienvenue !"},"content":{"rendered":"<p>J&rsquo;adore faire la cuisine, mais ce que j&rsquo;aime surtout c&rsquo;est la rapidit\u00e9 et la simplicit\u00e9.<\/p>\n<p>J&rsquo;utilise 4 casseroles et 2 woks sur ma cuisini\u00e8re au gaz. Mon four et le micro-ondes sont mes alli\u00e9s ainsi que mon cuiseur \u00e0 riz que j&rsquo;utilise un jour sur deux.<\/p>\n<p>J&rsquo;ai pour tout robot un robot qui fait \u00e0 la fois batteur, mix-soupe et mixeur.<\/p>\n<p>Avec une planche \u00e0 d\u00e9couper, 2 bons couteaux (un petit et un grand) et une cuiller en bois, vous \u00eates pr\u00eats \u00e0 cuisiner mes recettes sans pr\u00e9tention.<\/p>\n<p>Je ne suis pas pr\u00e9cise dans les quantit\u00e9s car je fonctionne avec ce que j&rsquo;ai dans mon frigo ou mon plateau \u00e0 fruits et l\u00e9gumes. J&rsquo;adore conserver des restes pour les savourer en pique-nique le lendemain ou les surgeler pour plus tard.<\/p>\n","protected":false},"excerpt":{"rendered":"<p>J&rsquo;adore faire la cuisine, mais ce que j&rsquo;aime surtout c&rsquo;est la rapidit\u00e9 et la simplicit\u00e9. J&rsquo;utilise 4 casseroles et 2 woks sur ma cuisini\u00e8re au gaz. Mon four et le micro-ondes sont mes alli\u00e9s ainsi que mon cuiseur \u00e0 riz que j&rsquo;utilise un jour sur deux. J&rsquo;ai pour tout robot un robot qui fait \u00e0<a class=\"read-more \" href=\"https:\/\/www.buchau.be\/recettes\/\" title=\"Read More\"> <span class=\"button default\">Read More<\/span><\/a><\/p>\n","protected":false},"author":1,"featured_media":0,"parent":0,"menu_order":0,"comment_status":"closed","ping_status":"closed","template":"","meta":{"footnotes":""},"class_list":["post-94","page","type-page","status-publish","hentry"],"_links":{"self":[{"href":"https:\/\/www.buchau.be\/recettes\/wp-json\/wp\/v2\/pages\/94","targetHints":{"allow":["GET"]}}],"collection":[{"href":"https:\/\/www.buchau.be\/recettes\/wp-json\/wp\/v2\/pages"}],"about":[{"href":"https:\/\/www.buchau.be\/recettes\/wp-json\/wp\/v2\/types\/page"}],"author":[{"embeddable":true,"href":"https:\/\/www.buchau.be\/recettes\/wp-json\/wp\/v2\/users\/1"}],"replies":[{"embeddable":true,"href":"https:\/\/www.buchau.be\/recettes\/wp-json\/wp\/v2\/comments?post=94"}],"version-history":[{"count":2,"href":"https:\/\/www.buchau.be\/recettes\/wp-json\/wp\/v2\/pages\/94\/revisions"}],"predecessor-version":[{"id":107,"href":"https:\/\/www.buchau.be\/recettes\/wp-json\/wp\/v2\/pages\/94\/revisions\/107"}],"wp:attachment":[{"href":"https:\/\/www.buchau.be\/recettes\/wp-json\/wp\/v2\/media?parent=94"}],"curies":[{"name":"wp","href":"https:\/\/api.w.org\/{rel}","templated":true}]}}